{"id":136,"date":"2026-03-05T07:55:41","date_gmt":"2026-03-05T07:55:41","guid":{"rendered":"http:\/\/mathilderouton.com\/?page_id=136"},"modified":"2026-03-06T09:56:56","modified_gmt":"2026-03-06T09:56:56","slug":"ecriture-vivante","status":"publish","type":"page","link":"https:\/\/mathilderouton.com\/?page_id=136","title":{"rendered":"Ecriture vivante"},"content":{"rendered":"\n<h2 class=\"wp-block-heading\">slam \u00b7 performance \u00b7 lecture \u00b7 textes incarn\u00e9s<\/h2>\n\n\n\n<figure class=\"wp-block-image size-full wp-duotone-rgba833094-ccc-1\"><img loading=\"lazy\" decoding=\"async\" width=\"1536\" height=\"1024\" src=\"http:\/\/mathilderouton.com\/wp-content\/uploads\/2026\/03\/bb471467-0c59-4eba-86da-96e772bf5780.png\" alt=\"\" class=\"wp-image-224\" srcset=\"https:\/\/mathilderouton.com\/wp-content\/uploads\/2026\/03\/bb471467-0c59-4eba-86da-96e772bf5780.png 1536w, https:\/\/mathilderouton.com\/wp-content\/uploads\/2026\/03\/bb471467-0c59-4eba-86da-96e772bf5780-300x200.png 300w, https:\/\/mathilderouton.com\/wp-content\/uploads\/2026\/03\/bb471467-0c59-4eba-86da-96e772bf5780-1024x683.png 1024w, https:\/\/mathilderouton.com\/wp-content\/uploads\/2026\/03\/bb471467-0c59-4eba-86da-96e772bf5780-768x512.png 768w\" sizes=\"auto, (max-width: 1536px) 100vw, 1536px\" \/><\/figure>\n\n\n\n<div style=\"height:55px\" aria-hidden=\"true\" class=\"wp-block-spacer\"><\/div>\n\n\n\n<p>Dans mes textes, j\u2019explore les m\u00e9canismes invisibles de la violence institutionnelle et les formes de r\u00e9paration du vivant.<\/p>\n\n\n\n<div style=\"height:25px\" aria-hidden=\"true\" class=\"wp-block-spacer\"><\/div>\n\n\n\n<p>Mon travail d\u2019\u00e9criture explore les formes invisibles de la violence, notamment institutionnelle, et les processus de r\u00e9paration du vivant. \u00c0 travers l\u2019essai, le th\u00e9\u00e2tre et le r\u00e9cit, j\u2019interroge ce qui se produit dans les corps, dans les voix et dans les structures lorsque la parole est emp\u00each\u00e9e.<\/p>\n\n\n\n<h2 class=\"wp-block-heading has-text-align-center\"><strong>Univers visuel<\/strong><\/h2>\n\n\n\n<figure class=\"wp-block-image size-full\"><img loading=\"lazy\" decoding=\"async\" width=\"1024\" height=\"1024\" src=\"http:\/\/mathilderouton.com\/wp-content\/uploads\/2026\/03\/ChatGPT-Image-4-mars-2026-17_15_24-1.png\" alt=\"\" class=\"wp-image-139\" srcset=\"https:\/\/mathilderouton.com\/wp-content\/uploads\/2026\/03\/ChatGPT-Image-4-mars-2026-17_15_24-1.png 1024w, https:\/\/mathilderouton.com\/wp-content\/uploads\/2026\/03\/ChatGPT-Image-4-mars-2026-17_15_24-1-300x300.png 300w, https:\/\/mathilderouton.com\/wp-content\/uploads\/2026\/03\/ChatGPT-Image-4-mars-2026-17_15_24-1-150x150.png 150w, https:\/\/mathilderouton.com\/wp-content\/uploads\/2026\/03\/ChatGPT-Image-4-mars-2026-17_15_24-1-768x768.png 768w\" sizes=\"auto, (max-width: 1024px) 100vw, 1024px\" \/><\/figure>\n\n\n\n<h2 class=\"wp-block-heading\">La dette du vivant&nbsp;&#8211; Essai<\/h2>\n\n\n\n<p><em>La Dette du Vivant<\/em>\u00a0analyse la mani\u00e8re dont les institutions produisent une dette invisible dans les corps et les existences. \u00c0 partir d\u2019une exp\u00e9rience personnelle de violence institutionnelle, l\u2019ouvrage propose une r\u00e9flexion sur les m\u00e9canismes de d\u00e9ni, de transfert de responsabilit\u00e9 et sur le co\u00fbt physiologique du silence.<\/p>\n\n\n\n<blockquote class=\"wp-block-quote is-layout-flow wp-block-quote-is-layout-flow\">\n<p><em>\u00ab&nbsp;Le lanceur d\u2019alerte n\u2019est pas un h\u00e9ros. <\/em><\/p>\n\n\n\n<p><em>Il est un individu pour qui la dissociation normative <\/em><\/p>\n\n\n\n<p><em>est devenue plus dangereuse que la v\u00e9rit\u00e9. \u00bb<\/em><\/p>\n<\/blockquote>\n\n\n\n<h2 class=\"wp-block-heading\">Les ailes des papillons &#8211; Texte fondateur <\/h2>\n\n\n\n<p><em>Les Ailes des Papillons<\/em>\u00a0explore la transformation int\u00e9rieure qui na\u00eet de l\u2019\u00e9preuve. Entre r\u00e9cit initiatique et th\u00e9\u00e2tre, le texte suit le passage d\u2019un \u00e9tat de sid\u00e9ration vers une reprise de la voix et de la verticalit\u00e9.<\/p>\n\n\n\n<blockquote class=\"wp-block-quote is-layout-flow wp-block-quote-is-layout-flow\">\n<p><em>\u00ab&nbsp;Il faut d\u2019abord traverser la br\u00fblure <\/em><\/p>\n\n\n\n<p><em>pour que les ailes se d\u00e9ploient.&nbsp;\u00bb<\/em><\/p>\n<\/blockquote>\n\n\n\n<h2 class=\"wp-block-heading has-text-align-center\"><strong>Projets en cours<\/strong><\/h2>\n\n\n\n<div class=\"wp-block-columns is-layout-flex wp-container-core-columns-is-layout-28f84493 wp-block-columns-is-layout-flex\">\n<div class=\"wp-block-column is-layout-flow wp-block-column-is-layout-flow\">\n<h2 class=\"wp-block-heading\">Architecture du Vivant &#8211; <em>Essai<\/em><\/h2>\n\n\n\n<p>Une r\u00e9flexion sur le lien entre architecture, corps et structures sociales.<br>Le projet explore la mani\u00e8re dont les institutions fa\u00e7onnent, ou contraignent, les formes du vivant.<\/p>\n<\/div>\n\n\n\n<div class=\"wp-block-column is-layout-flow wp-block-column-is-layout-flow\">\n<h2 class=\"wp-block-heading\">Le Bruit Humain &#8211; <em>Th\u00e9\u00e2tre<\/em><\/h2>\n\n\n\n<p>Une pi\u00e8ce qui interroge la place de la parole dans les syst\u00e8mes institutionnels.<br>Entre silence, bruit et v\u00e9rit\u00e9 emp\u00each\u00e9e, la sc\u00e8ne devient un lieu o\u00f9 la voix tente de reprendre sa place.<\/p>\n<\/div>\n<\/div>\n\n\n\n<div style=\"height:66px\" aria-hidden=\"true\" class=\"wp-block-spacer\"><\/div>\n\n\n\n<p>Publications<\/p>\n\n\n\n<p>Harc\u00e8lement institutionnel : la violence qui ne dit pas son nom<br>Tribune publi\u00e9e dans le Club de Mediapart<\/p>\n\n\n\n<p><a href=\"https:\/\/blogs.mediapart.fr\/mathilde-routon\/blog\/260126\/harcelement-institutionnel-la-violence-qui-ne-dit-pas-son-nom\">Lir<\/a><a href=\"https:\/\/blogs.mediapart.fr\/mathilde-routon\/blog\/260126\/harcelement-institutionnel-la-violence-qui-ne-dit-pas-son-nom\" target=\"_blank\" rel=\"noreferrer noopener\">e l&rsquo;article<\/a> \u2192<\/p>\n\n\n\n<div style=\"height:78px\" aria-hidden=\"true\" class=\"wp-block-spacer\"><\/div>\n\n\n\n<blockquote class=\"wp-block-quote is-layout-flow wp-block-quote-is-layout-flow\">\n<p>\u00a0\u00bb Je n&rsquo;ai pas cess\u00e9 de parler.<\/p>\n\n\n\n<p>Le monde a cess\u00e9 de m&rsquo;entendre. \u00ab\u00a0<\/p>\n<\/blockquote>\n\n\n\n<div class=\"wp-block-group has-global-padding is-layout-constrained wp-block-group-is-layout-constrained\" style=\"padding-top:var(--wp--preset--spacing--60);padding-bottom:var(--wp--preset--spacing--50)\">\n<div class=\"wp-block-group is-layout-flow wp-block-group-is-layout-flow\">\n<div class=\"wp-block-group alignfull has-global-padding is-layout-constrained wp-block-group-is-layout-constrained\">\n<div class=\"wp-block-group alignfull has-global-padding is-content-justification-center is-layout-constrained wp-block-group-is-layout-constrained\"><div class=\"aligncenter wp-block-site-logo\"><a href=\"https:\/\/mathilderouton.com\/\" class=\"custom-logo-link\" rel=\"home\"><img loading=\"lazy\" decoding=\"async\" width=\"142\" height=\"142\" src=\"https:\/\/mathilderouton.com\/wp-content\/uploads\/2026\/03\/ChatGPT-Image-6-mars-2026-09_51_37.png\" class=\"custom-logo\" alt=\"Architecture du vivant\" srcset=\"https:\/\/mathilderouton.com\/wp-content\/uploads\/2026\/03\/ChatGPT-Image-6-mars-2026-09_51_37.png 1024w, https:\/\/mathilderouton.com\/wp-content\/uploads\/2026\/03\/ChatGPT-Image-6-mars-2026-09_51_37-300x300.png 300w, https:\/\/mathilderouton.com\/wp-content\/uploads\/2026\/03\/ChatGPT-Image-6-mars-2026-09_51_37-150x150.png 150w, https:\/\/mathilderouton.com\/wp-content\/uploads\/2026\/03\/ChatGPT-Image-6-mars-2026-09_51_37-768x768.png 768w\" sizes=\"auto, (max-width: 142px) 100vw, 142px\" \/><\/a><\/div>\n\n\n<div style=\"height:21px\" aria-hidden=\"true\" class=\"wp-block-spacer\"><\/div>\n\n\n\n<h2 class=\"wp-block-heading has-text-align-center\">ARCHITECTURE DU VIVANT<\/h2>\n<\/div>\n<\/div>\n\n\n\n<div style=\"height:var(--wp--preset--spacing--70)\" aria-hidden=\"true\" class=\"wp-block-spacer\"><\/div>\n\n\n\n<div class=\"wp-block-group alignfull is-content-justification-center is-layout-flex wp-container-core-group-is-layout-2c471116 wp-block-group-is-layout-flex\">\n<p class=\"has-text-align-center\">\u00a9 Mathilde Routon<br><a href=\"mailto:mathilderouton@gmail.com\" data-type=\"page\" data-id=\"243\">Correspondance<\/a> \u00b7 <a href=\"https:\/\/www.linkedin.com\/in\/mathilde-r-a04762184\/\" data-type=\"page\" data-id=\"240\">linkedIn<\/a> \u00b7 <a href=\"https:\/\/www.instagram.com\/vivre.ou.se.taire\/\" data-type=\"page\" data-id=\"241\">Instagram<\/a><\/p>\n<\/div>\n<\/div>\n<\/div>\n","protected":false},"excerpt":{"rendered":"<p>slam \u00b7 performance \u00b7 lecture \u00b7 textes incarn\u00e9s Dans mes textes, j\u2019explore les m\u00e9canismes invisibles de la violence institutionnelle et les formes de r\u00e9paration du vivant. Mon travail d\u2019\u00e9criture explore les formes invisibles de la violence, notamment institutionnelle, et les processus de r\u00e9paration du vivant. \u00c0 travers l\u2019essai, le th\u00e9\u00e2tre et le r\u00e9cit, j\u2019interroge ce [&hellip;]<\/p>\n","protected":false},"author":1,"featured_media":0,"parent":0,"menu_order":0,"comment_status":"closed","ping_status":"closed","template":"","meta":{"footnotes":""},"class_list":["post-136","page","type-page","status-publish","hentry"],"_links":{"self":[{"href":"https:\/\/mathilderouton.com\/index.php?rest_route=\/wp\/v2\/pages\/136","targetHints":{"allow":["GET"]}}],"collection":[{"href":"https:\/\/mathilderouton.com\/index.php?rest_route=\/wp\/v2\/pages"}],"about":[{"href":"https:\/\/mathilderouton.com\/index.php?rest_route=\/wp\/v2\/types\/page"}],"author":[{"embeddable":true,"href":"https:\/\/mathilderouton.com\/index.php?rest_route=\/wp\/v2\/users\/1"}],"replies":[{"embeddable":true,"href":"https:\/\/mathilderouton.com\/index.php?rest_route=%2Fwp%2Fv2%2Fcomments&post=136"}],"version-history":[{"count":32,"href":"https:\/\/mathilderouton.com\/index.php?rest_route=\/wp\/v2\/pages\/136\/revisions"}],"predecessor-version":[{"id":289,"href":"https:\/\/mathilderouton.com\/index.php?rest_route=\/wp\/v2\/pages\/136\/revisions\/289"}],"wp:attachment":[{"href":"https:\/\/mathilderouton.com\/index.php?rest_route=%2Fwp%2Fv2%2Fmedia&parent=136"}],"curies":[{"name":"wp","href":"https:\/\/api.w.org\/{rel}","templated":true}]}}