{"id":6,"date":"2026-03-04T14:53:31","date_gmt":"2026-03-04T14:53:31","guid":{"rendered":"http:\/\/mathilderouton.com\/?page_id=6"},"modified":"2026-03-06T09:54:20","modified_gmt":"2026-03-06T09:54:20","slug":"mathilde-routon","status":"publish","type":"page","link":"https:\/\/mathilderouton.com\/","title":{"rendered":"Explorer"},"content":{"rendered":"\n<h1 class=\"wp-block-heading\">l&rsquo;architecture <\/h1>\n\n\n\n<h1 class=\"wp-block-heading\">du vivant<\/h1>\n\n\n\n<div class=\"wp-block-cover alignfull has-accent-1-color has-text-color has-link-color wp-elements-8b96fe45a8a917f197cba0b94e6bc321\" style=\"margin-top:0;margin-bottom:0;padding-top:200px;padding-right:var(--wp--preset--spacing--50);padding-bottom:200px;padding-left:var(--wp--preset--spacing--50);min-height:100vh;aspect-ratio:unset;\"><img loading=\"lazy\" decoding=\"async\" width=\"683\" height=\"1024\" class=\"wp-block-cover__image-background wp-image-102 size-large\" alt=\"\" src=\"http:\/\/mathilderouton.com\/wp-content\/uploads\/2026\/03\/c97f5409-9af5-4a06-bf1a-aa4dcc0292f5-5-683x1024.png\" data-object-fit=\"cover\" srcset=\"https:\/\/mathilderouton.com\/wp-content\/uploads\/2026\/03\/c97f5409-9af5-4a06-bf1a-aa4dcc0292f5-5-683x1024.png 683w, https:\/\/mathilderouton.com\/wp-content\/uploads\/2026\/03\/c97f5409-9af5-4a06-bf1a-aa4dcc0292f5-5-200x300.png 200w, https:\/\/mathilderouton.com\/wp-content\/uploads\/2026\/03\/c97f5409-9af5-4a06-bf1a-aa4dcc0292f5-5-768x1152.png 768w, https:\/\/mathilderouton.com\/wp-content\/uploads\/2026\/03\/c97f5409-9af5-4a06-bf1a-aa4dcc0292f5-5.png 1024w\" sizes=\"auto, (max-width: 683px) 100vw, 683px\" \/><span aria-hidden=\"true\" class=\"wp-block-cover__background has-background-dim-10 has-background-dim\" style=\"background-color:#4b4a4a\"><\/span><div class=\"wp-block-cover__inner-container has-global-padding is-layout-constrained wp-container-core-cover-is-layout-d47c59a2 wp-block-cover-is-layout-constrained\">\n<p class=\"has-text-align-center has-large-font-size\"><\/p>\n<\/div><\/div>\n\n\n\n<div class=\"wp-block-group alignfull is-style-section-5 is-layout-flow wp-block-group-is-layout-flow is-style-section-5--1\" style=\"min-height:100vh;margin-top:0;margin-bottom:0;padding-top:var(--wp--preset--spacing--50);padding-right:var(--wp--preset--spacing--50);padding-bottom:var(--wp--preset--spacing--50);padding-left:var(--wp--preset--spacing--50)\">\n<div class=\"wp-block-columns alignfull is-layout-flex wp-container-core-columns-is-layout-47c06fe3 wp-block-columns-is-layout-flex\">\n<div class=\"wp-block-column is-layout-flow wp-block-column-is-layout-flow\">\n<div class=\"wp-block-group is-vertical is-content-justification-stretch is-nowrap is-layout-flex wp-container-core-group-is-layout-9a2e2d63 wp-block-group-is-layout-flex\" style=\"min-height:100%\">\n<h4 class=\"wp-block-heading has-text-align-left has-x-large-font-size\">ARCHITECTURE DU VIVANT<\/h4>\n\n\n\n<div style=\"height:14px\" aria-hidden=\"true\" class=\"wp-block-spacer wp-container-content-943fad18\"><\/div>\n\n\n\n<h1 class=\"wp-block-heading has-text-align-left has-x-large-font-size\">La trame invisible<\/h1>\n\n\n\n<h1 class=\"wp-block-heading has-text-align-left has-x-large-font-size\">qui traverse les corps et les institutions.<\/h1>\n\n\n\n<div style=\"height:28px\" aria-hidden=\"true\" class=\"wp-block-spacer wp-container-content-43ce77df\"><\/div>\n\n\n\n<p>\u00c0 travers l\u2019essai, l\u2019\u00e9criture dramaturgique<br>et la r\u00e9flexion critique,<br>Mathilde Routon explore les m\u00e9canismes invisibles<br>de la violence institutionnelle<br>et les formes de r\u00e9paration du vivant.<\/p>\n\n\n\n<p>Son travail cartographie les formes de violence structurelle<br>et les m\u00e9canismes de silence<br>qui traversent nos architectures collectives.<\/p>\n\n\n\n<div style=\"height:0px\" aria-hidden=\"true\" class=\"wp-block-spacer wp-container-content-6388d5dc\"><\/div>\n\n\n\n<blockquote class=\"wp-block-quote is-layout-flow wp-block-quote-is-layout-flow\">\n<blockquote class=\"wp-block-quote is-layout-flow wp-block-quote-is-layout-flow\">\n<p class=\"has-text-align-left has-medium-font-size\" style=\"line-height:1.2\">\u00ab\u00a0Je n\u2019ai pas cess\u00e9 de parler. <\/p>\n\n\n\n<p class=\"has-text-align-left has-medium-font-size\" style=\"line-height:1.2\">Le monde a cess\u00e9 de m\u2019entendre.\u00a0\u00bb<\/p>\n<\/blockquote>\n<\/blockquote>\n<\/div>\n<\/div>\n<\/div>\n<\/div>\n\n\n\n<div class=\"wp-block-group has-global-padding is-layout-constrained wp-block-group-is-layout-constrained\" style=\"padding-top:var(--wp--preset--spacing--60);padding-bottom:var(--wp--preset--spacing--50)\">\n<div class=\"wp-block-group is-layout-flow wp-block-group-is-layout-flow\">\n<div class=\"wp-block-group alignfull has-global-padding is-layout-constrained wp-block-group-is-layout-constrained\">\n<div class=\"wp-block-group alignfull has-global-padding is-content-justification-center is-layout-constrained wp-block-group-is-layout-constrained\"><div class=\"aligncenter wp-block-site-logo\"><a href=\"https:\/\/mathilderouton.com\/\" class=\"custom-logo-link\" rel=\"home\"><img loading=\"lazy\" decoding=\"async\" width=\"142\" height=\"142\" src=\"https:\/\/mathilderouton.com\/wp-content\/uploads\/2026\/03\/ChatGPT-Image-6-mars-2026-09_51_37.png\" class=\"custom-logo\" alt=\"Architecture du vivant\" srcset=\"https:\/\/mathilderouton.com\/wp-content\/uploads\/2026\/03\/ChatGPT-Image-6-mars-2026-09_51_37.png 1024w, https:\/\/mathilderouton.com\/wp-content\/uploads\/2026\/03\/ChatGPT-Image-6-mars-2026-09_51_37-300x300.png 300w, https:\/\/mathilderouton.com\/wp-content\/uploads\/2026\/03\/ChatGPT-Image-6-mars-2026-09_51_37-150x150.png 150w, https:\/\/mathilderouton.com\/wp-content\/uploads\/2026\/03\/ChatGPT-Image-6-mars-2026-09_51_37-768x768.png 768w\" sizes=\"auto, (max-width: 142px) 100vw, 142px\" \/><\/a><\/div>\n\n\n<div style=\"height:21px\" aria-hidden=\"true\" class=\"wp-block-spacer\"><\/div>\n\n\n\n<h2 class=\"wp-block-heading has-text-align-center\">ARCHITECTURE DU VIVANT<\/h2>\n<\/div>\n<\/div>\n\n\n\n<div style=\"height:var(--wp--preset--spacing--70)\" aria-hidden=\"true\" class=\"wp-block-spacer\"><\/div>\n\n\n\n<div class=\"wp-block-group alignfull is-content-justification-center is-layout-flex wp-container-core-group-is-layout-2c471116 wp-block-group-is-layout-flex\">\n<p class=\"has-text-align-center\">\u00a9 Mathilde Routon<br><a href=\"mailto:mathilderouton@gmail.com\" data-type=\"page\" data-id=\"243\">Correspondance<\/a> \u00b7 <a href=\"https:\/\/www.linkedin.com\/in\/mathilde-r-a04762184\/\" data-type=\"page\" data-id=\"240\">linkedIn<\/a> \u00b7 <a href=\"https:\/\/www.instagram.com\/vivre.ou.se.taire\/\" data-type=\"page\" data-id=\"241\">Instagram<\/a><\/p>\n<\/div>\n<\/div>\n<\/div>\n","protected":false},"excerpt":{"rendered":"<p>l&rsquo;architecture du vivant ARCHITECTURE DU VIVANT La trame invisible qui traverse les corps et les institutions. \u00c0 travers l\u2019essai, l\u2019\u00e9criture dramaturgiqueet la r\u00e9flexion critique,Mathilde Routon explore les m\u00e9canismes invisiblesde la violence institutionnelleet les formes de r\u00e9paration du vivant. Son travail cartographie les formes de violence structurelleet les m\u00e9canismes de silencequi traversent nos architectures collectives. \u00ab\u00a0Je [&hellip;]<\/p>\n","protected":false},"author":1,"featured_media":0,"parent":0,"menu_order":0,"comment_status":"closed","ping_status":"closed","template":"","meta":{"footnotes":""},"class_list":["post-6","page","type-page","status-publish","hentry"],"_links":{"self":[{"href":"https:\/\/mathilderouton.com\/index.php?rest_route=\/wp\/v2\/pages\/6","targetHints":{"allow":["GET"]}}],"collection":[{"href":"https:\/\/mathilderouton.com\/index.php?rest_route=\/wp\/v2\/pages"}],"about":[{"href":"https:\/\/mathilderouton.com\/index.php?rest_route=\/wp\/v2\/types\/page"}],"author":[{"embeddable":true,"href":"https:\/\/mathilderouton.com\/index.php?rest_route=\/wp\/v2\/users\/1"}],"replies":[{"embeddable":true,"href":"https:\/\/mathilderouton.com\/index.php?rest_route=%2Fwp%2Fv2%2Fcomments&post=6"}],"version-history":[{"count":41,"href":"https:\/\/mathilderouton.com\/index.php?rest_route=\/wp\/v2\/pages\/6\/revisions"}],"predecessor-version":[{"id":284,"href":"https:\/\/mathilderouton.com\/index.php?rest_route=\/wp\/v2\/pages\/6\/revisions\/284"}],"wp:attachment":[{"href":"https:\/\/mathilderouton.com\/index.php?rest_route=%2Fwp%2Fv2%2Fmedia&parent=6"}],"curies":[{"name":"wp","href":"https:\/\/api.w.org\/{rel}","templated":true}]}}