{"id":76,"date":"2026-03-04T17:13:28","date_gmt":"2026-03-04T17:13:28","guid":{"rendered":"http:\/\/mathilderouton.com\/?page_id=76"},"modified":"2026-04-22T15:53:27","modified_gmt":"2026-04-22T15:53:27","slug":"ateliers-decriture","status":"publish","type":"page","link":"https:\/\/mathilderouton.com\/?page_id=76","title":{"rendered":"Projets de structuration"},"content":{"rendered":"\n<p><em>Projets d\u00e9velopp\u00e9s dans le cadre de ma transition vers le d\u00e9veloppement Web. <\/em><\/p>\n\n\n\n<h2 class=\"wp-block-heading\"><strong>Concevoir, structurer et rendre utilisables des syst\u00e8mes complexes.<\/strong><\/h2>\n\n\n\n<p>Dans le cadre de ma transition vers le d\u00e9veloppement web, je d\u00e9veloppe des projets centr\u00e9s sur la structuration de l\u2019information et l\u2019exp\u00e9rience utilisateur.<br>Issus de ma pratique de l\u2019architecture, ces travaux montrent ma capacit\u00e9 \u00e0 passer de l\u2019analyse d\u2019un syst\u00e8me contraint \u00e0 la conception d\u2019une organisation lisible et fonctionnelle.<br>Ils constituent une premi\u00e8re mise en pratique et mettent en \u00e9vidence les comp\u00e9tences techniques \u00e0 acqu\u00e9rir (HTML, CSS, JavaScript).<\/p>\n\n\n\n<h2 class=\"wp-block-heading\"># 1 : Structurer un espace<\/h2>\n\n\n\n<figure class=\"wp-block-gallery has-nested-images columns-default is-cropped wp-block-gallery-1 is-layout-flex wp-block-gallery-is-layout-flex\">\n<figure class=\"wp-block-image size-large\"><img loading=\"lazy\" decoding=\"async\" width=\"1024\" height=\"768\" data-id=\"296\" src=\"https:\/\/mathilderouton.com\/wp-content\/uploads\/2026\/04\/IMG_1925-1024x768.jpg\" alt=\"\" class=\"wp-image-296\" srcset=\"https:\/\/mathilderouton.com\/wp-content\/uploads\/2026\/04\/IMG_1925-1024x768.jpg 1024w, https:\/\/mathilderouton.com\/wp-content\/uploads\/2026\/04\/IMG_1925-300x225.jpg 300w, https:\/\/mathilderouton.com\/wp-content\/uploads\/2026\/04\/IMG_1925-768x576.jpg 768w, https:\/\/mathilderouton.com\/wp-content\/uploads\/2026\/04\/IMG_1925-1536x1152.jpg 1536w, https:\/\/mathilderouton.com\/wp-content\/uploads\/2026\/04\/IMG_1925-2048x1536.jpg 2048w\" sizes=\"auto, (max-width: 1024px) 100vw, 1024px\" \/><\/figure>\n\n\n\n<figure class=\"wp-block-image size-large\"><img loading=\"lazy\" decoding=\"async\" width=\"1024\" height=\"707\" data-id=\"297\" src=\"https:\/\/mathilderouton.com\/wp-content\/uploads\/2026\/04\/Capture-decran-2026-04-22-a-17.09.45-1024x707.png\" alt=\"\" class=\"wp-image-297\" srcset=\"https:\/\/mathilderouton.com\/wp-content\/uploads\/2026\/04\/Capture-decran-2026-04-22-a-17.09.45-1024x707.png 1024w, https:\/\/mathilderouton.com\/wp-content\/uploads\/2026\/04\/Capture-decran-2026-04-22-a-17.09.45-300x207.png 300w, https:\/\/mathilderouton.com\/wp-content\/uploads\/2026\/04\/Capture-decran-2026-04-22-a-17.09.45-768x530.png 768w, https:\/\/mathilderouton.com\/wp-content\/uploads\/2026\/04\/Capture-decran-2026-04-22-a-17.09.45-1536x1060.png 1536w, https:\/\/mathilderouton.com\/wp-content\/uploads\/2026\/04\/Capture-decran-2026-04-22-a-17.09.45.png 1854w\" sizes=\"auto, (max-width: 1024px) 100vw, 1024px\" \/><\/figure>\n\n\n\n<figure class=\"wp-block-image size-large\"><img loading=\"lazy\" decoding=\"async\" width=\"800\" height=\"600\" data-id=\"298\" src=\"https:\/\/mathilderouton.com\/wp-content\/uploads\/2026\/04\/image-finale.jpg\" alt=\"\" class=\"wp-image-298\" srcset=\"https:\/\/mathilderouton.com\/wp-content\/uploads\/2026\/04\/image-finale.jpg 800w, https:\/\/mathilderouton.com\/wp-content\/uploads\/2026\/04\/image-finale-300x225.jpg 300w, https:\/\/mathilderouton.com\/wp-content\/uploads\/2026\/04\/image-finale-768x576.jpg 768w\" sizes=\"auto, (max-width: 800px) 100vw, 800px\" \/><\/figure>\n<\/figure>\n\n\n\n<p>Transformer une contrainte en organisation.<br>Lire un espace brut, en extraire une structure, puis en proposer une forme habitable.<\/p>\n\n\n\n<p>De l\u2019existant au plan, du plan \u00e0 l\u2019usage, ce projet suit un mouvement simple : rendre lisible ce qui ne l\u2019est pas encore.<\/p>\n\n\n\n<p>De l\u2019espace \u00e0 la pens\u00e9e, une m\u00eame exigence : structurer.<\/p>\n\n\n\n<h2 class=\"wp-block-heading\">#2 : Structurer un langage<\/h2>\n\n\n\n<div class=\"wp-block-group alignfull has-global-padding is-layout-constrained wp-container-core-group-is-layout-ebee8dc1 wp-block-group-is-layout-constrained\" style=\"margin-top:0;margin-bottom:0;padding-top:var(--wp--preset--spacing--50);padding-bottom:var(--wp--preset--spacing--50)\">\n<blockquote class=\"wp-block-quote is-layout-flow wp-block-quote-is-layout-flow\">\n<blockquote class=\"wp-block-quote is-layout-flow wp-block-quote-is-layout-flow\">\n<p class=\"has-text-align-center\">SLAM &#8211; <strong>VENCE<\/strong><\/p>\n<\/blockquote>\n\n\n\n<blockquote class=\"wp-block-quote is-layout-flow wp-block-quote-is-layout-flow\">\n<p class=\"has-text-align-center\"><strong>V<\/strong>erticale. Ascension.<\/p>\n\n\n\n<p class=\"has-text-align-center\">Ruissellent <\/p>\n\n\n\n<p class=\"has-text-align-center\">les ruelles de Vence.<\/p>\n\n\n\n<p class=\"has-text-align-center\">\u00ab\u00a0<strong>E<\/strong>h l&rsquo;eau!\u00a0\u00bb<\/p>\n\n\n\n<p class=\"has-text-align-center\">Murmure les fontaines<\/p>\n\n\n\n<p class=\"has-text-align-center\"><strong>N<\/strong>oires et blanches.<\/p>\n\n\n\n<p class=\"has-text-align-center\"><strong>C<\/strong>it\u00e9 aux scarifications<\/p>\n\n\n\n<p class=\"has-text-align-center\"><strong>\u00c9<\/strong>crites dans la stratification.<\/p>\n<\/blockquote>\n<\/blockquote>\n\n\n\n<p>Transformer un lieu, des sensations, en texte \u00e0 d\u00e9clamer.<br>Extraire d\u2019une mati\u00e8re brute, \u00e9motions, mots jet\u00e9s, une structure, puis lui donner forme et voix.<\/p>\n\n\n\n<p>Du fragment \u00e0 la parole, un m\u00eame mouvement : rendre lisible ce qui ne l\u2019est pas encore. Travail de structuration du langage : organisation, hi\u00e9rarchisation et mise en forme d\u2019un contenu.<\/p>\n\n\n\n<p>Cette d\u00e9marche trouve aujourd\u2019hui son prolongement dans le d\u00e9veloppement web : structurer l\u2019information, concevoir des interfaces lisibles et organiser des syst\u00e8mes complexes.<\/p>\n<\/div>\n\n\n\n<div class=\"wp-block-group has-global-padding is-layout-constrained wp-block-group-is-layout-constrained\" style=\"padding-top:var(--wp--preset--spacing--60);padding-bottom:var(--wp--preset--spacing--50)\">\n<div class=\"wp-block-group is-layout-flow wp-block-group-is-layout-flow\">\n<div class=\"wp-block-group alignfull has-global-padding is-layout-constrained wp-block-group-is-layout-constrained\">\n<div class=\"wp-block-group alignfull has-global-padding is-content-justification-center is-layout-constrained wp-block-group-is-layout-constrained\"><div class=\"aligncenter wp-block-site-logo\"><a href=\"https:\/\/mathilderouton.com\/\" class=\"custom-logo-link\" rel=\"home\"><img loading=\"lazy\" decoding=\"async\" width=\"142\" height=\"142\" src=\"https:\/\/mathilderouton.com\/wp-content\/uploads\/2026\/03\/ChatGPT-Image-6-mars-2026-09_51_37.png\" class=\"custom-logo\" alt=\"Architecture du vivant\" srcset=\"https:\/\/mathilderouton.com\/wp-content\/uploads\/2026\/03\/ChatGPT-Image-6-mars-2026-09_51_37.png 1024w, https:\/\/mathilderouton.com\/wp-content\/uploads\/2026\/03\/ChatGPT-Image-6-mars-2026-09_51_37-300x300.png 300w, https:\/\/mathilderouton.com\/wp-content\/uploads\/2026\/03\/ChatGPT-Image-6-mars-2026-09_51_37-150x150.png 150w, https:\/\/mathilderouton.com\/wp-content\/uploads\/2026\/03\/ChatGPT-Image-6-mars-2026-09_51_37-768x768.png 768w\" sizes=\"auto, (max-width: 142px) 100vw, 142px\" \/><\/a><\/div>\n\n\n<div style=\"height:21px\" aria-hidden=\"true\" class=\"wp-block-spacer\"><\/div>\n\n\n\n<h2 class=\"wp-block-heading has-text-align-center\">ARCHITECTURE DU VIVANT<\/h2>\n<\/div>\n<\/div>\n\n\n\n<div style=\"height:var(--wp--preset--spacing--70)\" aria-hidden=\"true\" class=\"wp-block-spacer\"><\/div>\n\n\n\n<div class=\"wp-block-group alignfull is-content-justification-center is-layout-flex wp-container-core-group-is-layout-2c471116 wp-block-group-is-layout-flex\">\n<p class=\"has-text-align-center\">\u00a9 Mathilde Routon<br><a href=\"mailto:mathilderouton@gmail.com\" data-type=\"page\" data-id=\"243\">Correspondance<\/a> \u00b7 <a href=\"https:\/\/www.linkedin.com\/in\/mathilde-r-a04762184\/\" data-type=\"page\" data-id=\"240\">linkedIn<\/a> \u00b7 <a href=\"https:\/\/www.instagram.com\/vivre.ou.se.taire\/\" data-type=\"page\" data-id=\"241\">Instagram<\/a><\/p>\n<\/div>\n<\/div>\n<\/div>\n","protected":false},"excerpt":{"rendered":"<p>Projets d\u00e9velopp\u00e9s dans le cadre de ma transition vers le d\u00e9veloppement Web. Concevoir, structurer et rendre utilisables des syst\u00e8mes complexes. Dans le cadre de ma transition vers le d\u00e9veloppement web, je d\u00e9veloppe des projets centr\u00e9s sur la structuration de l\u2019information et l\u2019exp\u00e9rience utilisateur.Issus de ma pratique de l\u2019architecture, ces travaux montrent ma capacit\u00e9 \u00e0 passer [&hellip;]<\/p>\n","protected":false},"author":1,"featured_media":0,"parent":0,"menu_order":0,"comment_status":"closed","ping_status":"closed","template":"","meta":{"footnotes":""},"class_list":["post-76","page","type-page","status-publish","hentry"],"_links":{"self":[{"href":"https:\/\/mathilderouton.com\/index.php?rest_route=\/wp\/v2\/pages\/76","targetHints":{"allow":["GET"]}}],"collection":[{"href":"https:\/\/mathilderouton.com\/index.php?rest_route=\/wp\/v2\/pages"}],"about":[{"href":"https:\/\/mathilderouton.com\/index.php?rest_route=\/wp\/v2\/types\/page"}],"author":[{"embeddable":true,"href":"https:\/\/mathilderouton.com\/index.php?rest_route=\/wp\/v2\/users\/1"}],"replies":[{"embeddable":true,"href":"https:\/\/mathilderouton.com\/index.php?rest_route=%2Fwp%2Fv2%2Fcomments&post=76"}],"version-history":[{"count":38,"href":"https:\/\/mathilderouton.com\/index.php?rest_route=\/wp\/v2\/pages\/76\/revisions"}],"predecessor-version":[{"id":316,"href":"https:\/\/mathilderouton.com\/index.php?rest_route=\/wp\/v2\/pages\/76\/revisions\/316"}],"wp:attachment":[{"href":"https:\/\/mathilderouton.com\/index.php?rest_route=%2Fwp%2Fv2%2Fmedia&parent=76"}],"curies":[{"name":"wp","href":"https:\/\/api.w.org\/{rel}","templated":true}]}}